{"id":3835,"date":"2020-11-30T11:42:48","date_gmt":"2020-11-30T09:42:48","guid":{"rendered":"https:\/\/cinemasound.ua\/?page_id=3835"},"modified":"2020-11-30T11:44:05","modified_gmt":"2020-11-30T09:44:05","slug":"son-kale-hacibey","status":"publish","type":"page","link":"https:\/\/cinemasound.ua\/en\/son-kale-hacibey\/","title":{"rendered":"Son Kale Hac\u0131bey"},"content":{"rendered":"<p><img loading=\"lazy\" decoding=\"async\" class=\"alignleft size-full wp-image-3836\" src=\"https:\/\/cinemasound.ua\/wp-content\/uploads\/2020\/10\/son-kale-hacibey-265x380-1.jpg\" alt=\"\" width=\"265\" height=\"380\" srcset=\"https:\/\/cinemasound.ua\/wp-content\/uploads\/2020\/10\/son-kale-hacibey-265x380-1.jpg 265w, https:\/\/cinemasound.ua\/wp-content\/uploads\/2020\/10\/son-kale-hacibey-265x380-1-209x300.jpg 209w\" sizes=\"(max-width: 265px) 100vw, 265px\" \/><\/p>\n<p><strong>Orjinal Ad\u0131<\/strong>: Son Kale Hac\u0131bey<\/p>\n<p><strong>Vizyon Tarihi<\/strong>: Ekim 23, 2020<\/p>\n<p><strong>Y\u00f6netmen<\/strong>: Konstantin Konovalov<\/p>\n<p><strong>Film T\u00fcr\u00fc<\/strong>:\u00a0<a class=\"text-info\" href=\"https:\/\/www.istanbul.net.tr\/sinema-film-turu?q=Tarihi,%20Sava%C5%9F&amp;page=1\">Tarihi, Sava\u015f<\/a><\/p>\n<p><strong>Film S\u00fcresi<\/strong>: 1s 40dk<\/p>\n<p class=\"cats-c\"><strong>Senaryo:<\/strong>\u00a0Konstantin Konovalov, Yevhen Timo\u015fenko.<br \/>\n<strong>Kurgu:<\/strong>\u00a0Vadyim \u0130\u015f\u00e7enko.<br \/>\n<strong>G\u00f6r\u00fcnt\u00fc Y\u00f6netmeni :<\/strong>\u00a0Vladimer Guievski.<br \/>\n<strong>M\u00fczik:<\/strong>\u00a0Mustafa Yaz\u0131c\u0131o\u011flu.<\/p>\n<p class=\"cats-c\"><strong>Sound<\/strong>\u00a0 Vladimir Tretyakoff Cinema Sound UA<br \/>\n<strong>Oyuncular:<\/strong> Yurdaer Okur, Deren Talu, Aleksandr Polovets, Oleg Simonenko, Aleksandr Sokolov.<\/p>\n<p><\/p>","protected":false},"excerpt":{"rendered":"<p>Orjinal Ad\u0131: Son Kale Hac\u0131bey Vizyon Tarihi: Ekim 23, 2020 Y\u00f6netmen: Konstantin Konovalov Film T\u00fcr\u00fc:\u00a0Tarihi, Sava\u015f Film S\u00fcresi: 1s 40dk Senaryo:\u00a0Konstantin Konovalov, Yevhen Timo\u015fenko. Kurgu:\u00a0Vadyim \u0130\u015f\u00e7enko. G\u00f6r\u00fcnt\u00fc Y\u00f6netmeni :\u00a0Vladimer Guievski. M\u00fczik:\u00a0Mustafa Yaz\u0131c\u0131o\u011flu. Sound\u00a0 Vladimir Tretyakoff Cinema Sound UA Oyuncular: Yurdaer Okur, Deren Talu, Aleksandr Polovets, Oleg Simonenko, Aleksandr Sokolov.<\/p>\n","protected":false},"author":2,"featured_media":0,"parent":0,"menu_order":0,"comment_status":"closed","ping_status":"closed","template":"","meta":{"_acf_changed":false,"footnotes":""},"acf":[],"_links":{"self":[{"href":"https:\/\/cinemasound.ua\/en\/wp-json\/wp\/v2\/pages\/3835"}],"collection":[{"href":"https:\/\/cinemasound.ua\/en\/wp-json\/wp\/v2\/pages"}],"about":[{"href":"https:\/\/cinemasound.ua\/en\/wp-json\/wp\/v2\/types\/page"}],"author":[{"embeddable":true,"href":"https:\/\/cinemasound.ua\/en\/wp-json\/wp\/v2\/users\/2"}],"replies":[{"embeddable":true,"href":"https:\/\/cinemasound.ua\/en\/wp-json\/wp\/v2\/comments?post=3835"}],"version-history":[{"count":3,"href":"https:\/\/cinemasound.ua\/en\/wp-json\/wp\/v2\/pages\/3835\/revisions"}],"predecessor-version":[{"id":3862,"href":"https:\/\/cinemasound.ua\/en\/wp-json\/wp\/v2\/pages\/3835\/revisions\/3862"}],"wp:attachment":[{"href":"https:\/\/cinemasound.ua\/en\/wp-json\/wp\/v2\/media?parent=3835"}],"curies":[{"name":"wp","href":"https:\/\/api.w.org\/{rel}","templated":true}]}}